{"id":910,"date":"2020-03-30T17:50:31","date_gmt":"2020-03-30T15:50:31","guid":{"rendered":"http:\/\/www.bandacastanoprimo.it\/blog\/?page_id=910"},"modified":"2020-03-30T17:50:32","modified_gmt":"2020-03-30T15:50:32","slug":"fatti-castanesi-il-corpo-musicale-santa-cecilia","status":"publish","type":"page","link":"https:\/\/www.bandacastanoprimo.it\/blog\/fatti-castanesi-il-corpo-musicale-santa-cecilia\/","title":{"rendered":"Fatti Castanesi: IL CORPO MUSICALE SANTA CECILIA"},"content":{"rendered":"\n<p><em>di Luigi Castoldi<\/em><\/p>\n\n\n\n<p>A Castano Primo tante cose organizzate sono vissute,\nprosperate e poi scomparse, altre, pur in mezzo a molte difficolt\u00e0, sono\nriuscite a vivere, penetrando profondamente nel tessuto sociale della comunit\u00e0\nper cui lea gente le ritiene cosa propria perch\u00e9 fanno parte della vita di\ntutti.<\/p>\n\n\n\n<p>Oggi vogliamo spendere due paroline per una istituzione\ncastanese che merita rispetto, aiuto e riconoscenza.<\/p>\n\n\n\n<p>Si tratta del Corpo Musicale Santa Cecilia ovverossia la\n\u201cBanda dell\u2019Oratorio\u201d.<\/p>\n\n\n\n<p>Si chiama cos\u00ec perch\u00e9 \u00e8 dell\u2019Oratorio e per distinguerla da\nquella che era chiamata la Banda Cittadina ovvero del Circolone che per\u00f2, pur\navendo avuto vita di tutto rispetto, fin\u00ec i suoi giorni innanzitempo, mentre\nquella dell\u2019Oratorio \u00e8 tuttora viva e vitale.<\/p>\n\n\n\n<p>Non lo so esattamente quando la \u201cSanta Cecilia\u201d \u00e8 nata, per\u00f2\nc\u2019\u00e8 ancora in vita qualcuno, mi riferisco in modo particolare all\u2019Ilario\nCattini che, oltre ad essere stato uno dei fondatori, ha prestato servizio per\nun numero cos\u00ec lungo di anni che lui solo potr\u00e0 ricordarli.<\/p>\n\n\n\n<p>Dunque, la piccola fanfara si \u00e8 via via sviluppata ed \u00e8\ndiventata il \u201cCorpo Musicale Santa Cecilia\u201d.<\/p>\n\n\n\n<p>Arrivati qui sarebbe bello seguirne tutta la vita,\ndescriverne le vicissitudini, conoscere soprattutto gli uomini che con la loro\ndedizione e capacit\u00e0 \u2013 con il loro spirito di sacrificio \u2013 sono stati cos\u00ec\nbravi da mantenere in alto questa bandiera.<\/p>\n\n\n\n<p>Come si fa a ricordare tutto e tutti?<\/p>\n\n\n\n<p>Limitiamoci assieme ad una panoramica di episodi e i\nricordi, almeno i miei personali, ci portano a quando era maestro l\u2019Angiolino\nNava e la banda era ancora in fase di sviluppo, rispetto a quella che poi \u00e8\ndiventato un Corpo Musicale di rispettabili dimensioni.<\/p>\n\n\n\n<p>Arriv\u00f2 poi il Maestro Filippini (era di Busto Arsizio e\ndirigeva col\u00e0 una banda musicale detta la \u201cBaldoria\u201d).<\/p>\n\n\n\n<p>Filippini era un \u201csignor Maestro\u201d \u2013 fine conoscitore in pari\nmisura della musica e del buon vino \u2013 capace di grandi ire quando si sbagliava\nqualche nota e quando gli allievi, allora numerosissimi, dovevano sostenere\nl\u2019esame per l\u2019entrata in Prima Squadra, non tenevano il tempo giusto nella\nprova di solfeggio.<\/p>\n\n\n\n<p>Poi venne Marazzini di Novara che portava spesso la \u201cSanta\nCecilia\u201d in servizio nella Sua citt\u00e0 per concerti e partecipazione a diverse\nfeste religiose e cos\u00ec la fama varcava i confini.<\/p>\n\n\n\n<p>Poi venne il Pasqualino Cantoni, bustocco pure lui e grande\namico di Filippini; Maronati di Cuggiono e poi (non vorrei scordarne qualcuno)\nl\u2019attuale bravo e appassionato Franco Gianella che \u00e8 cos\u00ec attaccato alla Sua\nbanda che pur essendo di Buscate sembra un castanese autentico.<\/p>\n\n\n\n<p>Seguire tutta la vita della banda Santa cecilia \u00e8 un fare\nanche la storia di Castano perch\u00e9 in essa ci sono uomini e fatti nostri \u2013 gente\nnostra \u2013 che ha dato sempre senza alcun compenso, ma con la sola soddisfazione\ndi essere utili, una notevole parte del tempo cosiddetto libero.<\/p>\n\n\n\n<p>Ricordiamo tanti il compianto Mons. Cermenati, amico\ngrandissimo che veniva sempre a trovarci durante le prove e siccome Lui piaceva\nla musica grave e solenne, auspicava, buon\u2019anima, una banda composta tutta da\n\u201cpellittoni\u201d (bassi).<\/p>\n\n\n\n<p>Dei grandi concerti che si tenevano in piazza era celebre\nquello dato in occasione della festa delle S.S. Reliquie nel mese di luglio.<\/p>\n\n\n\n<p>Piazza piena di gente, di fronte al palco allestito\ndall\u2019Antonio Croci (il \u201cTugn\u201d Cagell) uomo umile e devoto alla Sua banda e\nfiero di portare il berretto con una scritta: Banda Santa Cecilia.<\/p>\n\n\n\n<p>E la gente era usa cos\u00ec festeggiare il Santarliqui perch\u00e9\nera impossibile allora (tempi beati) immaginare questa festa senza il\n\u201cconcertone\u201d della banda e la degustazione di una specialit\u00e0 estiva che, chiss\u00e0\nperch\u00e9, si chiamava \u201cla purcada\u201d.<\/p>\n\n\n\n<p>Siccome era festa grande, c\u2019erano tante famiglie, anche i\nforestieri ed era l\u2019occasione per accompagnare il moroso e la morosa alla\ndegustazione di questa specialit\u00e0 di cui era maestro Pietro Jomini (infatti il\nmio povero suocero aveva allora un bar-caff\u00e8 in piazza).<\/p>\n\n\n\n<p>Dicavamo di questo \u201cconcertone\u201d d\u2019estate che era veramente\nuna esibizione di bravura, con pezzi d\u2019opera altamente impegnativi, con una\nnotevole parte di \u201cassolo\u201d in cui eccellevano l\u2019Angiolino e il Giuan Porta e il\nVittorio Gualdoni.<\/p>\n\n\n\n<p>Figura caratteristica era l\u2019Ambrogio Paganini il quale\nostinatamente si rifiutava sempre di suonare \u201cGiovinezza\u201d che era d\u2019obbligo con\nla \u201cMarcia reale\u201d come inno nazionale.<\/p>\n\n\n\n<p>Di questa Sua fierezza l\u2019Ambrogio Paganini pag\u00f2 poi\nduramente durante la Repubblichetta fascista quando fin\u00ec, pesto e sanguinante\nin campo di deportazione (chiss\u00e0 se ci sar\u00e0 qualche \u201cpais\u201d che vorr\u00e0 ricordare\nin modo degno la storia dei nostri Deportati che ci hanno fatto strada).<\/p>\n\n\n\n<p>La ricordiamo, la nostra Banda, quando nella gelida notte di\nNatale gira per le vie del paese annunciando la nascita del Bambino Ges\u00f9 e,\nsiamo sinceri, se non sentiamo la \u201cpiva\u201d, che razza di Natale \u00e8?<\/p>\n\n\n\n<p>La sentiamo anche nei momenti tristi, quando i suonatori,\ncon il groppo alla gola, accompagnano i loro Amici nell\u2019ultimo viaggio terreno,\ncome ultimamente \u00e8 capitato per il Luisin Crespi e l\u2019Antonio Colombo.<\/p>\n\n\n\n<p>Ora la Banda viaggia abbastanza bene: h trovato casa presso\nla chiesetta di S. Gerolamo e i servizi che compia sono numerosi e molto\napprezzati. I grandi concerti li tiene a Villa Rusconi che sembra fatta apposta\nper conciliare arte, cultura e svago.<\/p>\n\n\n\n<p>Del Maestro Franco Gianella abbiamo detto che \u00e8 molto bravo\ne la novit\u00e0 viene portata anche da alcune gentili suonatrici, quindi Banca\ncompleta.<\/p>\n\n\n\n<p>Auguri dunque perch\u00e9 il nuovo anno rappresenti per Te, caro\nCorpo Musicale Santa Cecilia, motivo di nuove affermazioni e di progresso e,\nperch\u00e9 no, anche di aiuti generosi da parte dei Tuoi ammiratori.<\/p>\n\n\n\n<p>Auguri e grazie a tutti i Musicanti vecchi e giovani e buon\nanno a tutti.<\/p>\n","protected":false},"excerpt":{"rendered":"<p>di Luigi Castoldi A Castano Primo tante cose organizzate sono vissute, prosperate [&hellip;]<\/p>\n","protected":false},"author":2,"featured_media":0,"parent":0,"menu_order":0,"comment_status":"closed","ping_status":"closed","template":"","meta":{"spay_email":""},"jetpack_shortlink":"https:\/\/wp.me\/P42pmM-eG","jetpack_sharing_enabled":true,"jetpack_likes_enabled":true,"jetpack-related-posts":[{"id":296,"url":"https:\/\/www.bandacastanoprimo.it\/blog\/storia\/","url_meta":{"origin":910,"position":0},"title":"Storia","date":"19 Febbraio 2014","format":false,"excerpt":"Fanfara dell'oratorio 1912 Tra alterne vicende, la Banda di Castano Primo (oggi Corpo Musicale Santa Cecilia) vede la luce nel 1910 composta da due clarinetti, tre cornette, un trombone, un contralto, un bombardino e un basso. Negli anni, sotto la guida di illustri maestri quali Giovanni Paganini, Angelo Nava e\u2026","rel":"","context":"Articolo simile","img":{"alt_text":"","src":"https:\/\/i0.wp.com\/www.bandacastanoprimo.it\/blog\/wp-content\/uploads\/2014\/02\/Fanfara-oratorio-1912.jpg?resize=350%2C200&ssl=1","width":350,"height":200},"classes":[]},{"id":81,"url":"https:\/\/www.bandacastanoprimo.it\/blog\/luoghi\/","url_meta":{"origin":910,"position":1},"title":"Luoghi","date":"4 Novembre 2013","format":false,"excerpt":"di Gabriele Ranica Prima di trovare la sua sistemazione nei locali situati dietro la Chiesa di San Rocco, il Corpo Musicale \u201cSanta Cecilia\u201d di Castano Primo ha \u201cgirovagato\u201d qua e l\u00e0 in sedi pi\u00f9 o meno definitive rivelatesi in seguito sempre provvisorie. La prima fanfara, e il Corpo Musicale poi,\u2026","rel":"","context":"Articolo simile","img":{"alt_text":"","src":"https:\/\/i0.wp.com\/www.bandacastanoprimo.it\/blog\/wp-content\/uploads\/2013\/11\/Castano_Primo_-_San_Gerolamo.jpg?resize=350%2C200&ssl=1","width":350,"height":200},"classes":[]},{"id":108,"url":"https:\/\/www.bandacastanoprimo.it\/blog\/rassegna-stampa\/","url_meta":{"origin":910,"position":2},"title":"Rassegna stampa","date":"7 Novembre 2013","format":false,"excerpt":"Scrivono di noi: 02\/07\/2014 - LOGOS - 'BeerBanda' con la Santa Cecilia Dicembre 2013 - ECO DI CASTANO - Banda 2.0 29\/11\/2013 - LOGOS - Banda e corale a Morimondo 30\/10\/2013 - LOGOS - Impegni 'in musica' per la banda (di Alessio Belleri) 02\/07\/2013 - LOGOS - La banda al\u2026","rel":"","context":"Articolo simile","img":{"alt_text":"","src":"","width":0,"height":0},"classes":[]},{"id":31,"url":"https:\/\/www.bandacastanoprimo.it\/blog\/contatti\/","url_meta":{"origin":910,"position":3},"title":"Contatti","date":"4 Novembre 2013","format":false,"excerpt":"Visualizzazione ingrandita della mappa Corpo Musicale \"Santa Cecilia\" Via Ponte Castano 1 20022 Castano Primo (MI) bandacastanoprimo@gmail.com","rel":"","context":"Articolo simile","img":{"alt_text":"","src":"","width":0,"height":0},"classes":[]},{"id":903,"url":"https:\/\/www.bandacastanoprimo.it\/blog\/la-banda\/","url_meta":{"origin":910,"position":4},"title":"LA BANDA","date":"30 Marzo 2020","format":false,"excerpt":"di Filippo Vismara N\u00f6n da Castan sem furt\u00fcn\u00e0a, a podum propi d\u00ec da ves\u015d a cavall; gh\u2019em una banda che l\u2019\u00e8 special, l\u2019\u00e8 la banda de la Santa Cecilia, ai sunan che l\u2019\u00e8 una vera meraviglia. Quando p\u00f6 in l\u00ec pront per sint\u00ec il via, s\u00fc l\u2019atenti per atac\u00e0, l\u2019\u00e8\u2026","rel":"","context":"Articolo simile","img":{"alt_text":"","src":"","width":0,"height":0},"classes":[]},{"id":907,"url":"https:\/\/www.bandacastanoprimo.it\/blog\/la-banda-2\/","url_meta":{"origin":910,"position":5},"title":"LA BANDA","date":"30 Marzo 2020","format":false,"excerpt":"di Pipeen Crespi (anno 1982) Cent\u2019ann fa e anca prima Ghea gi\u00e0 la banda citadina La fea sun\u00e0 il Tadinoon In di grandi ucasioon La se fermaa in temp da guera E questa le una roba vera Par mancanza di suna duur Ca ian al fronti a fass unuur Apena\u2026","rel":"","context":"Articolo simile","img":{"alt_text":"","src":"","width":0,"height":0},"classes":[]}],"_links":{"self":[{"href":"https:\/\/www.bandacastanoprimo.it\/blog\/wp-json\/wp\/v2\/pages\/910"}],"collection":[{"href":"https:\/\/www.bandacastanoprimo.it\/blog\/wp-json\/wp\/v2\/pages"}],"about":[{"href":"https:\/\/www.bandacastanoprimo.it\/blog\/wp-json\/wp\/v2\/types\/page"}],"author":[{"embeddable":true,"href":"https:\/\/www.bandacastanoprimo.it\/blog\/wp-json\/wp\/v2\/users\/2"}],"replies":[{"embeddable":true,"href":"https:\/\/www.bandacastanoprimo.it\/blog\/wp-json\/wp\/v2\/comments?post=910"}],"version-history":[{"count":4,"href":"https:\/\/www.bandacastanoprimo.it\/blog\/wp-json\/wp\/v2\/pages\/910\/revisions"}],"predecessor-version":[{"id":920,"href":"https:\/\/www.bandacastanoprimo.it\/blog\/wp-json\/wp\/v2\/pages\/910\/revisions\/920"}],"wp:attachment":[{"href":"https:\/\/www.bandacastanoprimo.it\/blog\/wp-json\/wp\/v2\/media?parent=910"}],"curies":[{"name":"wp","href":"https:\/\/api.w.org\/{rel}","templated":true}]}}