{"id":907,"date":"2020-03-30T17:53:16","date_gmt":"2020-03-30T15:53:16","guid":{"rendered":"http:\/\/www.bandacastanoprimo.it\/blog\/?page_id=907"},"modified":"2020-03-30T17:53:17","modified_gmt":"2020-03-30T15:53:17","slug":"la-banda-2","status":"publish","type":"page","link":"https:\/\/www.bandacastanoprimo.it\/blog\/la-banda-2\/","title":{"rendered":"LA BANDA"},"content":{"rendered":"\n<p><em>di Pipeen Crespi<\/em> (anno 1982)<\/p>\n\n\n\n<p>Cent\u2019ann fa e anca prima<\/p>\n\n\n\n<p>Ghea gi\u00e0 la banda citadina<\/p>\n\n\n\n<p>La fea sun\u00e0 il Tadinoon<\/p>\n\n\n\n<p>In di grandi ucasioon<\/p>\n\n\n\n<p>La se fermaa in temp da guera<\/p>\n\n\n\n<p>E questa le una roba vera<\/p>\n\n\n\n<p>Par mancanza di suna duur<\/p>\n\n\n\n<p>Ca ian al fronti a fass unuur<\/p>\n\n\n\n<p>Apena dopu l\u2019armistizi<\/p>\n\n\n\n<p>La riprend\u00fb\u00fb il servizi<\/p>\n\n\n\n<p>E par i fi\u00f4 lea una gioia pazza<\/p>\n\n\n\n<p>Quand gandea la banda in piazza<\/p>\n\n\n\n<p>Il Praostu adre ala funzioon<\/p>\n\n\n\n<p>Ga dean fastidi i frama zoon<\/p>\n\n\n\n<p>E alura a dila propi ciara<\/p>\n\n\n\n<p>La trai in pe una fanfara.<\/p>\n\n\n\n<p>Cunt un bass un bumbardee<\/p>\n\n\n\n<p>Querci curneta e claree<\/p>\n\n\n\n<p>E cul tambuur e il tamburell<\/p>\n\n\n\n<p>La furmaa un gr\u00fbpetu bell<\/p>\n\n\n\n<p>I fi\u00f4 da buna volont\u00e0<\/p>\n\n\n\n<p>In vur\u00fb\u00fb impar\u00e0 a sun\u00e0<\/p>\n\n\n\n<p>in pochi al la se fai granda<\/p>\n\n\n\n<p>La diventaa una bela banda.<\/p>\n\n\n\n<p>La sunea adre la funzioon<\/p>\n\n\n\n<p>Dil Corpuss e l\u2019Ascensioon<\/p>\n\n\n\n<p>A Natal la sunea la pia<\/p>\n\n\n\n<p>Fin al di da l\u2019Epifania<\/p>\n\n\n\n<p>Guidaa d\u2019un maestar espertu<\/p>\n\n\n\n<p>A Sant\u2019Arliqui ghea il cuncertu.<\/p>\n\n\n\n<p>Par cupr\u00ec un po da spees<\/p>\n\n\n\n<p>La sunea ai festi di paees<\/p>\n\n\n\n<p>Quela banda di fi\u00f4<\/p>\n\n\n\n<p>Ala suna amma\u00f2 inc\u00f4<\/p>\n\n\n\n<p>Adess ghe deen di artista<\/p>\n\n\n\n<p>Ca i sunan a prima vista<\/p>\n\n\n\n<p>Par daghi un nuovo stile<\/p>\n\n\n\n<p>fan sun\u00e0 il sesso gentile<\/p>\n\n\n\n<p>Che sal sunea a qui tempi l\u00e0<\/p>\n\n\n\n<p>Fursi a impareu anca mi a sun\u00e0.<\/p>\n","protected":false},"excerpt":{"rendered":"<p>di Pipeen Crespi (anno 1982) Cent\u2019ann fa e anca prima Ghea gi\u00e0 [&hellip;]<\/p>\n","protected":false},"author":2,"featured_media":0,"parent":0,"menu_order":0,"comment_status":"closed","ping_status":"closed","template":"","meta":{"spay_email":""},"jetpack_shortlink":"https:\/\/wp.me\/P42pmM-eD","jetpack_sharing_enabled":true,"jetpack_likes_enabled":true,"jetpack-related-posts":[{"id":903,"url":"https:\/\/www.bandacastanoprimo.it\/blog\/la-banda\/","url_meta":{"origin":907,"position":0},"title":"LA BANDA","date":"30 Marzo 2020","format":false,"excerpt":"di Filippo Vismara N\u00f6n da Castan sem furt\u00fcn\u00e0a, a podum propi d\u00ec da ves\u015d a cavall; gh\u2019em una banda che l\u2019\u00e8 special, l\u2019\u00e8 la banda de la Santa Cecilia, ai sunan che l\u2019\u00e8 una vera meraviglia. Quando p\u00f6 in l\u00ec pront per sint\u00ec il via, s\u00fc l\u2019atenti per atac\u00e0, l\u2019\u00e8\u2026","rel":"","context":"Articolo simile","img":{"alt_text":"","src":"","width":0,"height":0},"classes":[]},{"id":108,"url":"https:\/\/www.bandacastanoprimo.it\/blog\/rassegna-stampa\/","url_meta":{"origin":907,"position":1},"title":"Rassegna stampa","date":"7 Novembre 2013","format":false,"excerpt":"Scrivono di noi: 02\/07\/2014 - LOGOS - 'BeerBanda' con la Santa Cecilia Dicembre 2013 - ECO DI CASTANO - Banda 2.0 29\/11\/2013 - LOGOS - Banda e corale a Morimondo 30\/10\/2013 - LOGOS - Impegni 'in musica' per la banda (di Alessio Belleri) 02\/07\/2013 - LOGOS - La banda al\u2026","rel":"","context":"Articolo simile","img":{"alt_text":"","src":"","width":0,"height":0},"classes":[]},{"id":910,"url":"https:\/\/www.bandacastanoprimo.it\/blog\/fatti-castanesi-il-corpo-musicale-santa-cecilia\/","url_meta":{"origin":907,"position":2},"title":"Fatti Castanesi: IL CORPO MUSICALE SANTA CECILIA","date":"30 Marzo 2020","format":false,"excerpt":"di Luigi Castoldi A Castano Primo tante cose organizzate sono vissute, prosperate e poi scomparse, altre, pur in mezzo a molte difficolt\u00e0, sono riuscite a vivere, penetrando profondamente nel tessuto sociale della comunit\u00e0 per cui lea gente le ritiene cosa propria perch\u00e9 fanno parte della vita di tutti. Oggi vogliamo\u2026","rel":"","context":"Articolo simile","img":{"alt_text":"","src":"","width":0,"height":0},"classes":[]},{"id":296,"url":"https:\/\/www.bandacastanoprimo.it\/blog\/storia\/","url_meta":{"origin":907,"position":3},"title":"Storia","date":"19 Febbraio 2014","format":false,"excerpt":"Fanfara dell'oratorio 1912 Tra alterne vicende, la Banda di Castano Primo (oggi Corpo Musicale Santa Cecilia) vede la luce nel 1910 composta da due clarinetti, tre cornette, un trombone, un contralto, un bombardino e un basso. Negli anni, sotto la guida di illustri maestri quali Giovanni Paganini, Angelo Nava e\u2026","rel":"","context":"Articolo simile","img":{"alt_text":"","src":"https:\/\/i0.wp.com\/www.bandacastanoprimo.it\/blog\/wp-content\/uploads\/2014\/02\/Fanfara-oratorio-1912.jpg?resize=350%2C200&ssl=1","width":350,"height":200},"classes":[]},{"id":81,"url":"https:\/\/www.bandacastanoprimo.it\/blog\/luoghi\/","url_meta":{"origin":907,"position":4},"title":"Luoghi","date":"4 Novembre 2013","format":false,"excerpt":"di Gabriele Ranica Prima di trovare la sua sistemazione nei locali situati dietro la Chiesa di San Rocco, il Corpo Musicale \u201cSanta Cecilia\u201d di Castano Primo ha \u201cgirovagato\u201d qua e l\u00e0 in sedi pi\u00f9 o meno definitive rivelatesi in seguito sempre provvisorie. La prima fanfara, e il Corpo Musicale poi,\u2026","rel":"","context":"Articolo simile","img":{"alt_text":"","src":"https:\/\/i0.wp.com\/www.bandacastanoprimo.it\/blog\/wp-content\/uploads\/2013\/11\/Castano_Primo_-_San_Gerolamo.jpg?resize=350%2C200&ssl=1","width":350,"height":200},"classes":[]}],"_links":{"self":[{"href":"https:\/\/www.bandacastanoprimo.it\/blog\/wp-json\/wp\/v2\/pages\/907"}],"collection":[{"href":"https:\/\/www.bandacastanoprimo.it\/blog\/wp-json\/wp\/v2\/pages"}],"about":[{"href":"https:\/\/www.bandacastanoprimo.it\/blog\/wp-json\/wp\/v2\/types\/page"}],"author":[{"embeddable":true,"href":"https:\/\/www.bandacastanoprimo.it\/blog\/wp-json\/wp\/v2\/users\/2"}],"replies":[{"embeddable":true,"href":"https:\/\/www.bandacastanoprimo.it\/blog\/wp-json\/wp\/v2\/comments?post=907"}],"version-history":[{"count":4,"href":"https:\/\/www.bandacastanoprimo.it\/blog\/wp-json\/wp\/v2\/pages\/907\/revisions"}],"predecessor-version":[{"id":915,"href":"https:\/\/www.bandacastanoprimo.it\/blog\/wp-json\/wp\/v2\/pages\/907\/revisions\/915"}],"wp:attachment":[{"href":"https:\/\/www.bandacastanoprimo.it\/blog\/wp-json\/wp\/v2\/media?parent=907"}],"curies":[{"name":"wp","href":"https:\/\/api.w.org\/{rel}","templated":true}]}}