{"id":81,"date":"2013-11-04T23:48:54","date_gmt":"2013-11-04T22:48:54","guid":{"rendered":"http:\/\/www.bandacastanoprimo.it\/blog\/?page_id=81"},"modified":"2020-03-30T18:16:19","modified_gmt":"2020-03-30T16:16:19","slug":"luoghi","status":"publish","type":"page","link":"https:\/\/www.bandacastanoprimo.it\/blog\/luoghi\/","title":{"rendered":"Luoghi"},"content":{"rendered":"\n<p><em>di Gabriele Ranica<\/em><\/p>\n\n\n\n<p> Prima di trovare la sua sistemazione nei locali situati dietro la Chiesa di San Rocco, il Corpo Musicale \u201cSanta Cecilia\u201d di Castano Primo ha \u201cgirovagato\u201d qua e l\u00e0 in sedi pi\u00f9 o meno definitive rivelatesi in seguito sempre provvisorie. La prima fanfara, e il Corpo Musicale poi, hanno avuto una loro sede storica di fianco alla Cappella che si trovava nel cortile del vecchio Oratorio; poi dopo la ristrutturazione dell\u2019Oratorio, sono cominciati gli anni della \u201cdiaspora\u201d, un po\u2019 sul palco dell\u2019ex cinema oratoriano e un po\u2019 nei locali sopra il Circolino finch\u00e8 Don Giuseppe Sisti disse, pi\u00f9 o meno, ma lasciateci una \u201clicenza poetica\u201d: <em>\u201cquella \u00e8 la Chiesa di San Gerolamo, non ci si entra da decenni e, l\u00e0 dentro, dovrebbe esserci anche il vostro vecchio palco\u2026 fate voi!\u201d<\/em> <\/p>\n\n\n\n<div class=\"wp-block-columns\">\n<div class=\"wp-block-column\" style=\"flex-basis:30%\">\n<figure class=\"wp-block-image size-large is-resized is-style-default\"><img data-attachment-id=\"82\" data-permalink=\"https:\/\/www.bandacastanoprimo.it\/blog\/luoghi\/castano_primo_-_san_gerolamo\/\" data-orig-file=\"https:\/\/i0.wp.com\/www.bandacastanoprimo.it\/blog\/wp-content\/uploads\/2013\/11\/Castano_Primo_-_San_Gerolamo.jpg?fit=464%2C599&amp;ssl=1\" data-orig-size=\"464,599\" data-comments-opened=\"1\" data-image-meta=\"{&quot;aperture&quot;:&quot;0&quot;,&quot;credit&quot;:&quot;&quot;,&quot;camera&quot;:&quot;&quot;,&quot;caption&quot;:&quot;&quot;,&quot;created_timestamp&quot;:&quot;0&quot;,&quot;copyright&quot;:&quot;&quot;,&quot;focal_length&quot;:&quot;0&quot;,&quot;iso&quot;:&quot;0&quot;,&quot;shutter_speed&quot;:&quot;0&quot;,&quot;title&quot;:&quot;&quot;}\" data-image-title=\"Castano_Primo_-_San_Gerolamo\" data-image-description=\"\" data-image-caption=\"&lt;p&gt;Chiesa di San Gerolamo&lt;br \/&gt;\n(foto di Francesco Piraneo G.)&lt;\/p&gt;\n\" data-medium-file=\"https:\/\/i0.wp.com\/www.bandacastanoprimo.it\/blog\/wp-content\/uploads\/2013\/11\/Castano_Primo_-_San_Gerolamo.jpg?fit=232%2C300&amp;ssl=1\" data-large-file=\"https:\/\/i0.wp.com\/www.bandacastanoprimo.it\/blog\/wp-content\/uploads\/2013\/11\/Castano_Primo_-_San_Gerolamo.jpg?fit=464%2C599&amp;ssl=1\" loading=\"lazy\" src=\"https:\/\/i0.wp.com\/www.bandacastanoprimo.it\/blog\/wp-content\/uploads\/2013\/11\/Castano_Primo_-_San_Gerolamo.jpg?resize=227%2C293\" alt=\"\" class=\"wp-image-82\" width=\"227\" height=\"293\" srcset=\"https:\/\/i0.wp.com\/www.bandacastanoprimo.it\/blog\/wp-content\/uploads\/2013\/11\/Castano_Primo_-_San_Gerolamo.jpg?w=464&amp;ssl=1 464w, https:\/\/i0.wp.com\/www.bandacastanoprimo.it\/blog\/wp-content\/uploads\/2013\/11\/Castano_Primo_-_San_Gerolamo.jpg?resize=232%2C300&amp;ssl=1 232w\" sizes=\"(max-width: 227px) 100vw, 227px\" data-recalc-dims=\"1\" \/><figcaption>Chiesa di San Gerolamo<br>(foto di Francesco Piraneo G.)<\/figcaption><\/figure>\n<\/div>\n\n\n\n<div class=\"wp-block-column\" style=\"flex-basis:70%\">\n<p> <em>Mi ricordo quando entrammo un sabato pomeriggio: io (Gabriele Ranica), Ezio Bottarini e Paolino Re. Un disastro! Il vecchio palco, sedie rotte, tavoli altrettanto rotti: ne salvammo uno che poi mettemmo sopra il palco sopraelevato dove, il sabato dopo le lezioni, io e il M.ro Gianella, nell\u2019attesa dell\u2019inizio delle prove, ci facevamo epiche e sempre agguerrite partite partite a scopa, briscola e marianna\u2026 Mi ricordo ancora, quel sabato pomeriggio in cui mettemmo piede l\u00e0 dentro: me lo ricordo perch\u00e9, tra ostacoli di vario genere e montagne di guano di piccione, riuscii ad arrampicarmi fino alle campane del campanile e\u2026 a suonarle! Dal basso alcuni avventori dell\u2019allora Moto Club girarono in su gli sguardi: mi ricordo le loro facce allibite e divertite!<\/em> <em>Da quanto non suonavano quelle campane? Dopo qualche mese di restauri, la nuova <\/em> <em>pavimentazione, l\u2019imbiancatura, l\u2019impianto elettrico e i tendoni per attutire i suoni, grazie al grande lavoro volontario dei musicanti con le loro competenze tecniche o soltanto di manovalanza, la banda ebbe la sua sede, pronta ad accogliere anche le prime signorine decise ad imparare la musica. Una gran bella sede con pianoforte incorporato!\u201d.<\/em>   <\/p>\n<\/div>\n<\/div>\n\n\n\n<p> Oggi, dopo il ritorno al culto della chiesa di San Gerolamo, il Corpo Musicale \u201cSanta Cecilia\u201d ha trovato una degna sistemazione nei locali situati dietro la Chiesa di San Rocco in una sede che finalmente \u00e8 <em>definitivamente definitiva!<\/em> <\/p>\n\n\n\n<div class=\"wp-block-image\"><figure class=\"aligncenter size-medium\"><img data-attachment-id=\"83\" data-permalink=\"https:\/\/www.bandacastanoprimo.it\/blog\/luoghi\/castano_primo_-_san_rocco\/\" data-orig-file=\"https:\/\/i0.wp.com\/www.bandacastanoprimo.it\/blog\/wp-content\/uploads\/2013\/11\/Castano_Primo_-_San_Rocco.jpg?fit=543%2C600&amp;ssl=1\" data-orig-size=\"543,600\" data-comments-opened=\"1\" data-image-meta=\"{&quot;aperture&quot;:&quot;0&quot;,&quot;credit&quot;:&quot;&quot;,&quot;camera&quot;:&quot;&quot;,&quot;caption&quot;:&quot;&quot;,&quot;created_timestamp&quot;:&quot;0&quot;,&quot;copyright&quot;:&quot;&quot;,&quot;focal_length&quot;:&quot;0&quot;,&quot;iso&quot;:&quot;0&quot;,&quot;shutter_speed&quot;:&quot;0&quot;,&quot;title&quot;:&quot;&quot;}\" data-image-title=\"Castano_Primo_-_San_Rocco\" data-image-description=\"\" data-image-caption=\"\" data-medium-file=\"https:\/\/i0.wp.com\/www.bandacastanoprimo.it\/blog\/wp-content\/uploads\/2013\/11\/Castano_Primo_-_San_Rocco.jpg?fit=271%2C300&amp;ssl=1\" data-large-file=\"https:\/\/i0.wp.com\/www.bandacastanoprimo.it\/blog\/wp-content\/uploads\/2013\/11\/Castano_Primo_-_San_Rocco.jpg?fit=543%2C600&amp;ssl=1\" loading=\"lazy\" width=\"271\" height=\"300\" src=\"https:\/\/i0.wp.com\/www.bandacastanoprimo.it\/blog\/wp-content\/uploads\/2013\/11\/Castano_Primo_-_San_Rocco-271x300.jpg?resize=271%2C300&#038;ssl=1\" alt=\"\" class=\"wp-image-83\" srcset=\"https:\/\/i0.wp.com\/www.bandacastanoprimo.it\/blog\/wp-content\/uploads\/2013\/11\/Castano_Primo_-_San_Rocco.jpg?resize=271%2C300&amp;ssl=1 271w, https:\/\/i0.wp.com\/www.bandacastanoprimo.it\/blog\/wp-content\/uploads\/2013\/11\/Castano_Primo_-_San_Rocco.jpg?w=543&amp;ssl=1 543w\" sizes=\"(max-width: 271px) 100vw, 271px\" data-recalc-dims=\"1\" \/><figcaption>Chiesa di San Rocco<br>(foto di Francesco Piraneo G.)<\/figcaption><\/figure><\/div>\n","protected":false},"excerpt":{"rendered":"<p>di Gabriele Ranica Prima di trovare la sua sistemazione nei locali situati [&hellip;]<\/p>\n","protected":false},"author":2,"featured_media":0,"parent":0,"menu_order":0,"comment_status":"closed","ping_status":"closed","template":"","meta":{"spay_email":""},"jetpack_shortlink":"https:\/\/wp.me\/P42pmM-1j","jetpack_sharing_enabled":true,"jetpack_likes_enabled":true,"jetpack-related-posts":[{"id":910,"url":"https:\/\/www.bandacastanoprimo.it\/blog\/fatti-castanesi-il-corpo-musicale-santa-cecilia\/","url_meta":{"origin":81,"position":0},"title":"Fatti Castanesi: IL CORPO MUSICALE SANTA CECILIA","date":"30 Marzo 2020","format":false,"excerpt":"di Luigi Castoldi A Castano Primo tante cose organizzate sono vissute, prosperate e poi scomparse, altre, pur in mezzo a molte difficolt\u00e0, sono riuscite a vivere, penetrando profondamente nel tessuto sociale della comunit\u00e0 per cui lea gente le ritiene cosa propria perch\u00e9 fanno parte della vita di tutti. Oggi vogliamo\u2026","rel":"","context":"Articolo simile","img":{"alt_text":"","src":"","width":0,"height":0},"classes":[]},{"id":296,"url":"https:\/\/www.bandacastanoprimo.it\/blog\/storia\/","url_meta":{"origin":81,"position":1},"title":"Storia","date":"19 Febbraio 2014","format":false,"excerpt":"Fanfara dell'oratorio 1912 Tra alterne vicende, la Banda di Castano Primo (oggi Corpo Musicale Santa Cecilia) vede la luce nel 1910 composta da due clarinetti, tre cornette, un trombone, un contralto, un bombardino e un basso. Negli anni, sotto la guida di illustri maestri quali Giovanni Paganini, Angelo Nava e\u2026","rel":"","context":"Articolo simile","img":{"alt_text":"","src":"https:\/\/i0.wp.com\/www.bandacastanoprimo.it\/blog\/wp-content\/uploads\/2014\/02\/Fanfara-oratorio-1912.jpg?resize=350%2C200&ssl=1","width":350,"height":200},"classes":[]},{"id":31,"url":"https:\/\/www.bandacastanoprimo.it\/blog\/contatti\/","url_meta":{"origin":81,"position":2},"title":"Contatti","date":"4 Novembre 2013","format":false,"excerpt":"Visualizzazione ingrandita della mappa Corpo Musicale \"Santa Cecilia\" Via Ponte Castano 1 20022 Castano Primo (MI) bandacastanoprimo@gmail.com","rel":"","context":"Articolo simile","img":{"alt_text":"","src":"","width":0,"height":0},"classes":[]},{"id":108,"url":"https:\/\/www.bandacastanoprimo.it\/blog\/rassegna-stampa\/","url_meta":{"origin":81,"position":3},"title":"Rassegna stampa","date":"7 Novembre 2013","format":false,"excerpt":"Scrivono di noi: 02\/07\/2014 - LOGOS - 'BeerBanda' con la Santa Cecilia Dicembre 2013 - ECO DI CASTANO - Banda 2.0 29\/11\/2013 - LOGOS - Banda e corale a Morimondo 30\/10\/2013 - LOGOS - Impegni 'in musica' per la banda (di Alessio Belleri) 02\/07\/2013 - LOGOS - La banda al\u2026","rel":"","context":"Articolo simile","img":{"alt_text":"","src":"","width":0,"height":0},"classes":[]},{"id":903,"url":"https:\/\/www.bandacastanoprimo.it\/blog\/la-banda\/","url_meta":{"origin":81,"position":4},"title":"LA BANDA","date":"30 Marzo 2020","format":false,"excerpt":"di Filippo Vismara N\u00f6n da Castan sem furt\u00fcn\u00e0a, a podum propi d\u00ec da ves\u015d a cavall; gh\u2019em una banda che l\u2019\u00e8 special, l\u2019\u00e8 la banda de la Santa Cecilia, ai sunan che l\u2019\u00e8 una vera meraviglia. Quando p\u00f6 in l\u00ec pront per sint\u00ec il via, s\u00fc l\u2019atenti per atac\u00e0, l\u2019\u00e8\u2026","rel":"","context":"Articolo simile","img":{"alt_text":"","src":"","width":0,"height":0},"classes":[]},{"id":907,"url":"https:\/\/www.bandacastanoprimo.it\/blog\/la-banda-2\/","url_meta":{"origin":81,"position":5},"title":"LA BANDA","date":"30 Marzo 2020","format":false,"excerpt":"di Pipeen Crespi (anno 1982) Cent\u2019ann fa e anca prima Ghea gi\u00e0 la banda citadina La fea sun\u00e0 il Tadinoon In di grandi ucasioon La se fermaa in temp da guera E questa le una roba vera Par mancanza di suna duur Ca ian al fronti a fass unuur Apena\u2026","rel":"","context":"Articolo simile","img":{"alt_text":"","src":"","width":0,"height":0},"classes":[]}],"_links":{"self":[{"href":"https:\/\/www.bandacastanoprimo.it\/blog\/wp-json\/wp\/v2\/pages\/81"}],"collection":[{"href":"https:\/\/www.bandacastanoprimo.it\/blog\/wp-json\/wp\/v2\/pages"}],"about":[{"href":"https:\/\/www.bandacastanoprimo.it\/blog\/wp-json\/wp\/v2\/types\/page"}],"author":[{"embeddable":true,"href":"https:\/\/www.bandacastanoprimo.it\/blog\/wp-json\/wp\/v2\/users\/2"}],"replies":[{"embeddable":true,"href":"https:\/\/www.bandacastanoprimo.it\/blog\/wp-json\/wp\/v2\/comments?post=81"}],"version-history":[{"count":17,"href":"https:\/\/www.bandacastanoprimo.it\/blog\/wp-json\/wp\/v2\/pages\/81\/revisions"}],"predecessor-version":[{"id":935,"href":"https:\/\/www.bandacastanoprimo.it\/blog\/wp-json\/wp\/v2\/pages\/81\/revisions\/935"}],"wp:attachment":[{"href":"https:\/\/www.bandacastanoprimo.it\/blog\/wp-json\/wp\/v2\/media?parent=81"}],"curies":[{"name":"wp","href":"https:\/\/api.w.org\/{rel}","templated":true}]}}