{"id":7,"date":"2013-10-24T15:33:19","date_gmt":"2013-10-24T13:33:19","guid":{"rendered":"http:\/\/www.bandacastanoprimo.it\/blog\/?page_id=7"},"modified":"2013-11-03T15:11:01","modified_gmt":"2013-11-03T14:11:01","slug":"calendario-impegni","status":"publish","type":"page","link":"https:\/\/www.bandacastanoprimo.it\/blog\/calendario-impegni\/","title":{"rendered":"Calendario impegni"},"content":{"rendered":"<p>Per aggiungere il calendario degli eventi e degli impegni al proprio calendario personale o al proprio smartphone basta cliccare sul seguente pulsante:<br \/>\n<a href=\"http:\/\/www.google.com\/calendar\/render?cid=https%3A%2F%2Fwww.google.com%2Fcalendar%2Ffeeds%2F4a5f6baqeeqvfmna5sr7t0i54k%2540group.calendar.google.com%2Fpublic%2Fbasic\" target=\"_blank\"><img src=\"https:\/\/i0.wp.com\/www.google.com\/calendar\/images\/ext\/gc_button3.gif?w=1170\" border=0 data-recalc-dims=\"1\"><\/a><\/p>\n<p>Selezionando un appuntamento della seguente lista si potr\u00e0 leggerne i dettagli<\/p>\n<p><iframe loading=\"lazy\" src=\"https:\/\/www.google.com\/calendar\/embed?showTitle=0&amp;showPrint=0&amp;showCalendars=0&amp;mode=AGENDA&amp;height=600&amp;wkst=2&amp;bgcolor=%23FFFFFF&amp;src=4a5f6baqeeqvfmna5sr7t0i54k%40group.calendar.google.com&amp;color=%23711616&amp;ctz=Europe%2FRome\" style=\" border-width:0 \" width=\"640\" height=\"600\" frameborder=\"0\" scrolling=\"no\"><\/iframe><\/p>\n","protected":false},"excerpt":{"rendered":"<p>Per aggiungere il calendario degli eventi e degli impegni al proprio calendario [&hellip;]<\/p>\n","protected":false},"author":1,"featured_media":0,"parent":0,"menu_order":0,"comment_status":"closed","ping_status":"closed","template":"","meta":{"spay_email":""},"jetpack_shortlink":"https:\/\/wp.me\/P42pmM-7","jetpack_sharing_enabled":true,"jetpack_likes_enabled":true,"jetpack-related-posts":[{"id":108,"url":"https:\/\/www.bandacastanoprimo.it\/blog\/rassegna-stampa\/","url_meta":{"origin":7,"position":0},"title":"Rassegna stampa","date":"7 Novembre 2013","format":false,"excerpt":"Scrivono di noi: 02\/07\/2014 - LOGOS - 'BeerBanda' con la Santa Cecilia Dicembre 2013 - ECO DI CASTANO - Banda 2.0 29\/11\/2013 - LOGOS - Banda e corale a Morimondo 30\/10\/2013 - LOGOS - Impegni 'in musica' per la banda (di Alessio Belleri) 02\/07\/2013 - LOGOS - La banda al\u2026","rel":"","context":"Articolo simile","img":{"alt_text":"","src":"","width":0,"height":0},"classes":[]},{"id":903,"url":"https:\/\/www.bandacastanoprimo.it\/blog\/la-banda\/","url_meta":{"origin":7,"position":1},"title":"LA BANDA","date":"30 Marzo 2020","format":false,"excerpt":"di Filippo Vismara N\u00f6n da Castan sem furt\u00fcn\u00e0a, a podum propi d\u00ec da ves\u015d a cavall; gh\u2019em una banda che l\u2019\u00e8 special, l\u2019\u00e8 la banda de la Santa Cecilia, ai sunan che l\u2019\u00e8 una vera meraviglia. Quando p\u00f6 in l\u00ec pront per sint\u00ec il via, s\u00fc l\u2019atenti per atac\u00e0, l\u2019\u00e8\u2026","rel":"","context":"Articolo simile","img":{"alt_text":"","src":"","width":0,"height":0},"classes":[]},{"id":910,"url":"https:\/\/www.bandacastanoprimo.it\/blog\/fatti-castanesi-il-corpo-musicale-santa-cecilia\/","url_meta":{"origin":7,"position":2},"title":"Fatti Castanesi: IL CORPO MUSICALE SANTA CECILIA","date":"30 Marzo 2020","format":false,"excerpt":"di Luigi Castoldi A Castano Primo tante cose organizzate sono vissute, prosperate e poi scomparse, altre, pur in mezzo a molte difficolt\u00e0, sono riuscite a vivere, penetrando profondamente nel tessuto sociale della comunit\u00e0 per cui lea gente le ritiene cosa propria perch\u00e9 fanno parte della vita di tutti. Oggi vogliamo\u2026","rel":"","context":"Articolo simile","img":{"alt_text":"","src":"","width":0,"height":0},"classes":[]}],"_links":{"self":[{"href":"https:\/\/www.bandacastanoprimo.it\/blog\/wp-json\/wp\/v2\/pages\/7"}],"collection":[{"href":"https:\/\/www.bandacastanoprimo.it\/blog\/wp-json\/wp\/v2\/pages"}],"about":[{"href":"https:\/\/www.bandacastanoprimo.it\/blog\/wp-json\/wp\/v2\/types\/page"}],"author":[{"embeddable":true,"href":"https:\/\/www.bandacastanoprimo.it\/blog\/wp-json\/wp\/v2\/users\/1"}],"replies":[{"embeddable":true,"href":"https:\/\/www.bandacastanoprimo.it\/blog\/wp-json\/wp\/v2\/comments?post=7"}],"version-history":[{"count":8,"href":"https:\/\/www.bandacastanoprimo.it\/blog\/wp-json\/wp\/v2\/pages\/7\/revisions"}],"predecessor-version":[{"id":17,"href":"https:\/\/www.bandacastanoprimo.it\/blog\/wp-json\/wp\/v2\/pages\/7\/revisions\/17"}],"wp:attachment":[{"href":"https:\/\/www.bandacastanoprimo.it\/blog\/wp-json\/wp\/v2\/media?parent=7"}],"curies":[{"name":"wp","href":"https:\/\/api.w.org\/{rel}","templated":true}]}}