{"id":108,"date":"2013-11-07T12:54:56","date_gmt":"2013-11-07T11:54:56","guid":{"rendered":"http:\/\/www.bandacastanoprimo.it\/blog\/?page_id=108"},"modified":"2014-07-10T10:31:34","modified_gmt":"2014-07-10T08:31:34","slug":"rassegna-stampa","status":"publish","type":"page","link":"https:\/\/www.bandacastanoprimo.it\/blog\/rassegna-stampa\/","title":{"rendered":"Rassegna stampa"},"content":{"rendered":"<p>Scrivono di noi:<\/p>\n<p>02\/07\/2014 &#8211; LOGOS &#8211; <a href=\"http:\/\/www.logosnews.it\/node\/25458\">&#8216;BeerBanda&#8217; con la Santa Cecilia<\/a><\/p>\n<p>Dicembre 2013 &#8211; ECO DI CASTANO &#8211; <a href=\"http:\/\/www.bandacastanoprimo.it\/blog\/wp-content\/uploads\/2013\/11\/ecodicembre.jpg\">Banda 2.0<\/a><\/p>\n<p>29\/11\/2013 &#8211; LOGOS &#8211; <a href=\"http:\/\/www.logosnews.it\/node\/22897\">Banda e corale a Morimondo<\/a><\/p>\n<p>30\/10\/2013 &#8211; LOGOS &#8211; <a href=\"http:\/\/www.logosnews.it\/node\/22542\">Impegni &#8216;in musica&#8217; per la banda<\/a> <span style=\"font-size: small;\"><em>(di Alessio Belleri)<\/em><\/span><\/p>\n<p>02\/07\/2013 &#8211; LOGOS &#8211; <a href=\"http:\/\/www.logosnews.it\/node\/21508\">La banda al &#8216;Concerto d&#8217;estate&#8217;<\/a> <span style=\"font-size: small;\"><em>(di Alessio Belleri)<\/em><\/span><\/p>\n<p>10\/05\/2013 &#8211; LOGOS &#8211; <a href=\"http:\/\/www.logosnews.it\/node\/20666\">Il maestro Tinelli lascia la banda<\/a> <span style=\"font-size: small;\"><em>(di Alessio Belleri)<\/em><\/span><\/p>\n<p>03\/08\/2012 &#8211; LOGOS &#8211; <a href=\"http:\/\/www.logosnews.it\/node\/17106\">La mia banda da 25 anni<\/a> <span style=\"font-size: small;\"><em>(di Alessio Belleri)<\/em><\/span><\/p>\n<p>13\/07\/2012 &#8211; LOGOS &#8211; <a href=\"http:\/\/www.logosnews.it\/node\/16883\">Banda e Alpini: facciamo festa<\/a><\/p>\n<p>06\/07\/2011 &#8211; LOGOS &#8211; <a href=\"http:\/\/www.logosnews.it\/node\/11405\">65 anni di musica con la banda<\/a> <span style=\"font-size: small;\"><em>(di Alessio Belleri)<\/em><\/span><\/p>\n<p>21\/07\/2010 &#8211; LOGOS &#8211; <a href=\"http:\/\/www.logosnews.it\/node\/6234\">Che festa con la banda<\/a> <span style=\"font-size: small;\"><em>(di Alessio Belleri)<\/em><\/span><\/p>\n<p>29\/06\/2010 &#8211; LOGOS &#8211; <a href=\"http:\/\/www.logosnews.it\/node\/5993\">La Banda tra le note per l&#8217;estate e 100 anni <\/a> <span style=\"font-size: small;\"><em>(di Franco Gualdoni)<\/em><\/span><\/p>\n<p>03\/05\/2010 &#8211; CITTA&#8217; OGGI WEB &#8211; <a href=\"http:\/\/www.cittaoggiweb.it\/eventi-e-cultura\/03-05-2010\/I-100-anni-del-Corpo-musicale_29601.html\">I 100 anni del Corpo musicale<\/a><\/p>\n<p>29\/04\/2010 &#8211; LOGOS &#8211; <a href=\"http:\/\/www.logosnews.it\/node\/5205\">Cento anni di musica e storia<\/a> <span style=\"font-size: small;\"><em>(di Alessio Belleri)<\/em><\/span><\/p>\n<p>04\/07\/2009 &#8211; LOGOS &#8211; <a href=\"http:\/\/www.logosnews.it\/node\/2224\">La banda si esibisce in Villa Rusconi<\/a><\/p>\n<p>29\/11\/2008 &#8211; LOGOS &#8211; <a href=\"http:\/\/www.logosnews.it\/node\/834\">La Banda ha festeggiato la sua Patrona<\/a><\/p>\n","protected":false},"excerpt":{"rendered":"<p>Scrivono di noi: 02\/07\/2014 &#8211; LOGOS &#8211; &#8216;BeerBanda&#8217; con la Santa Cecilia [&hellip;]<\/p>\n","protected":false},"author":2,"featured_media":0,"parent":0,"menu_order":0,"comment_status":"open","ping_status":"open","template":"","meta":{"spay_email":""},"jetpack_shortlink":"https:\/\/wp.me\/P42pmM-1K","jetpack_sharing_enabled":true,"jetpack_likes_enabled":true,"jetpack-related-posts":[{"id":296,"url":"https:\/\/www.bandacastanoprimo.it\/blog\/storia\/","url_meta":{"origin":108,"position":0},"title":"Storia","date":"19 Febbraio 2014","format":false,"excerpt":"Fanfara dell'oratorio 1912 Tra alterne vicende, la Banda di Castano Primo (oggi Corpo Musicale Santa Cecilia) vede la luce nel 1910 composta da due clarinetti, tre cornette, un trombone, un contralto, un bombardino e un basso. Negli anni, sotto la guida di illustri maestri quali Giovanni Paganini, Angelo Nava e\u2026","rel":"","context":"Articolo simile","img":{"alt_text":"","src":"https:\/\/i0.wp.com\/www.bandacastanoprimo.it\/blog\/wp-content\/uploads\/2014\/02\/Fanfara-oratorio-1912.jpg?resize=350%2C200&ssl=1","width":350,"height":200},"classes":[]},{"id":903,"url":"https:\/\/www.bandacastanoprimo.it\/blog\/la-banda\/","url_meta":{"origin":108,"position":1},"title":"LA BANDA","date":"30 Marzo 2020","format":false,"excerpt":"di Filippo Vismara N\u00f6n da Castan sem furt\u00fcn\u00e0a, a podum propi d\u00ec da ves\u015d a cavall; gh\u2019em una banda che l\u2019\u00e8 special, l\u2019\u00e8 la banda de la Santa Cecilia, ai sunan che l\u2019\u00e8 una vera meraviglia. Quando p\u00f6 in l\u00ec pront per sint\u00ec il via, s\u00fc l\u2019atenti per atac\u00e0, l\u2019\u00e8\u2026","rel":"","context":"Articolo simile","img":{"alt_text":"","src":"","width":0,"height":0},"classes":[]},{"id":907,"url":"https:\/\/www.bandacastanoprimo.it\/blog\/la-banda-2\/","url_meta":{"origin":108,"position":2},"title":"LA BANDA","date":"30 Marzo 2020","format":false,"excerpt":"di Pipeen Crespi (anno 1982) Cent\u2019ann fa e anca prima Ghea gi\u00e0 la banda citadina La fea sun\u00e0 il Tadinoon In di grandi ucasioon La se fermaa in temp da guera E questa le una roba vera Par mancanza di suna duur Ca ian al fronti a fass unuur Apena\u2026","rel":"","context":"Articolo simile","img":{"alt_text":"","src":"","width":0,"height":0},"classes":[]},{"id":910,"url":"https:\/\/www.bandacastanoprimo.it\/blog\/fatti-castanesi-il-corpo-musicale-santa-cecilia\/","url_meta":{"origin":108,"position":3},"title":"Fatti Castanesi: IL CORPO MUSICALE SANTA CECILIA","date":"30 Marzo 2020","format":false,"excerpt":"di Luigi Castoldi A Castano Primo tante cose organizzate sono vissute, prosperate e poi scomparse, altre, pur in mezzo a molte difficolt\u00e0, sono riuscite a vivere, penetrando profondamente nel tessuto sociale della comunit\u00e0 per cui lea gente le ritiene cosa propria perch\u00e9 fanno parte della vita di tutti. Oggi vogliamo\u2026","rel":"","context":"Articolo simile","img":{"alt_text":"","src":"","width":0,"height":0},"classes":[]},{"id":81,"url":"https:\/\/www.bandacastanoprimo.it\/blog\/luoghi\/","url_meta":{"origin":108,"position":4},"title":"Luoghi","date":"4 Novembre 2013","format":false,"excerpt":"di Gabriele Ranica Prima di trovare la sua sistemazione nei locali situati dietro la Chiesa di San Rocco, il Corpo Musicale \u201cSanta Cecilia\u201d di Castano Primo ha \u201cgirovagato\u201d qua e l\u00e0 in sedi pi\u00f9 o meno definitive rivelatesi in seguito sempre provvisorie. La prima fanfara, e il Corpo Musicale poi,\u2026","rel":"","context":"Articolo simile","img":{"alt_text":"","src":"https:\/\/i0.wp.com\/www.bandacastanoprimo.it\/blog\/wp-content\/uploads\/2013\/11\/Castano_Primo_-_San_Gerolamo.jpg?resize=350%2C200&ssl=1","width":350,"height":200},"classes":[]}],"_links":{"self":[{"href":"https:\/\/www.bandacastanoprimo.it\/blog\/wp-json\/wp\/v2\/pages\/108"}],"collection":[{"href":"https:\/\/www.bandacastanoprimo.it\/blog\/wp-json\/wp\/v2\/pages"}],"about":[{"href":"https:\/\/www.bandacastanoprimo.it\/blog\/wp-json\/wp\/v2\/types\/page"}],"author":[{"embeddable":true,"href":"https:\/\/www.bandacastanoprimo.it\/blog\/wp-json\/wp\/v2\/users\/2"}],"replies":[{"embeddable":true,"href":"https:\/\/www.bandacastanoprimo.it\/blog\/wp-json\/wp\/v2\/comments?post=108"}],"version-history":[{"count":9,"href":"https:\/\/www.bandacastanoprimo.it\/blog\/wp-json\/wp\/v2\/pages\/108\/revisions"}],"predecessor-version":[{"id":414,"href":"https:\/\/www.bandacastanoprimo.it\/blog\/wp-json\/wp\/v2\/pages\/108\/revisions\/414"}],"wp:attachment":[{"href":"https:\/\/www.bandacastanoprimo.it\/blog\/wp-json\/wp\/v2\/media?parent=108"}],"curies":[{"name":"wp","href":"https:\/\/api.w.org\/{rel}","templated":true}]}}